{"id":1040,"date":"2019-01-26T09:47:18","date_gmt":"2019-01-26T14:47:18","guid":{"rendered":"https:\/\/www.thestewardesscorner.com\/fr\/?page_id=1040"},"modified":"2019-04-25T10:16:09","modified_gmt":"2019-04-25T14:16:09","slug":"sitemap","status":"publish","type":"page","link":"https:\/\/www.thestewardesscorner.com\/fr\/sitemap\/","title":{"rendered":"Plan du site"},"content":{"rendered":"<p>[cl_row css_style=&#8221;{&#8216;padding-top&#8217;:&#8217;45px&#8217;,&#8217;padding-bottom&#8217;:&#8217;45px&#8217;}_-_json&#8221; css_style_991=&#8221;{&#8216;padding-top&#8217;:&#8221;,&#8217;padding-bottom&#8217;:&#8221;}_-_json&#8221; css_style_767=&#8221;{&#8216;padding-top&#8217;:&#8221;,&#8217;padding-bottom&#8217;:&#8221;}_-_json&#8221;][cl_column css_style=&#8221;{&#8216;padding-top&#8217;:&#8217;10px&#8217;,&#8217;padding-bottom&#8217;:&#8217;10px&#8217;}_-_json&#8221; css_style_991=&#8221;{&#8216;padding-top&#8217;:&#8221;,&#8217;padding-bottom&#8217;:&#8221;}_-_json&#8221; css_style_767=&#8221;{&#8216;padding-top&#8217;:&#8221;,&#8217;padding-bottom&#8217;:&#8221;}_-_json&#8221;][cl_page_header css_style=&#8221;&#8221;][\/cl_page_header][cl_text css_style=&#8221;{&#8216;margin-top&#8217;:&#8217;20px&#8217;}_-_json&#8221;]<div id=\"simple-sitemap-container-69e9dbcf6892c\" class=\"simple-sitemap-container simple-sitemap-container-69e9dbcf6892c tab-disabled\"><div class=\"simple-sitemap-wrap\"><h3 class=\"post-type\">Pages<\/h3><ul class=\"simple-sitemap-page main\"><li class=\"sitemap-item page_item page-item-3994\"><a href=\"https:\/\/www.thestewardesscorner.com\/fr\/about\/\">About<\/a><\/li>\n<li class=\"sitemap-item page_item page-item-141 page_item_has_children\"><a href=\"https:\/\/www.thestewardesscorner.com\/fr\/blog\/\">Blog<\/a>\n<ul class='children'>\n\t<li class=\"sitemap-item page_item page-item-324\"><a href=\"https:\/\/www.thestewardesscorner.com\/fr\/blog\/adore-this\/\">Coups de coeur<\/a><\/li>\n\t<li class=\"sitemap-item page_item page-item-322\"><a href=\"https:\/\/www.thestewardesscorner.com\/fr\/blog\/inside-my-brain\/\">Mes pensees du moment<\/a><\/li>\n\t<li class=\"sitemap-item page_item page-item-323\"><a href=\"https:\/\/www.thestewardesscorner.com\/fr\/blog\/tutos-2\/\">Tutos<\/a><\/li>\n\t<li class=\"sitemap-item page_item page-item-5436\"><a href=\"https:\/\/www.thestewardesscorner.com\/fr\/blog\/tutos\/\">Tutos<\/a><\/li>\n<\/ul>\n<\/li>\n<li class=\"sitemap-item page_item page-item-150\"><a href=\"https:\/\/www.thestewardesscorner.com\/fr\/boutiques\/\">Boutiques<\/a><\/li>\n<li class=\"sitemap-item page_item page-item-152\"><a href=\"https:\/\/www.thestewardesscorner.com\/fr\/contact\/\">Contact<\/a><\/li>\n<li class=\"sitemap-item page_item page-item-3889\"><a href=\"https:\/\/www.thestewardesscorner.com\/fr\/\">Home<\/a><\/li>\n<li class=\"sitemap-item page_item page-item-920\"><a href=\"https:\/\/www.thestewardesscorner.com\/fr\/legal-notice\/\">Mentions l\u00e9gales<\/a><\/li>\n<li class=\"sitemap-item page_item page-item-40\"><a href=\"https:\/\/www.thestewardesscorner.com\/fr\/my-account\/\">My account<\/a><\/li>\n<li class=\"sitemap-item page_item page-item-918\"><a href=\"https:\/\/www.thestewardesscorner.com\/fr\/privacy-notice\/\">Politique de confidentialit\u00e9<\/a><\/li>\n<li class=\"sitemap-item page_item page-item-139 page_item_has_children\"><a href=\"https:\/\/www.thestewardesscorner.com\/fr\/products\/\">Produits<\/a>\n<ul class='children'>\n\t<li class=\"sitemap-item page_item page-item-270\"><a href=\"https:\/\/www.thestewardesscorner.com\/fr\/products\/amenities\/\">Produits de Salle de bain<\/a><\/li>\n\t<li class=\"sitemap-item page_item page-item-271\"><a href=\"https:\/\/www.thestewardesscorner.com\/fr\/products\/bed-linen-towel\/\">Draps &amp; Serviettes de toilette<\/a><\/li>\n\t<li class=\"sitemap-item page_item page-item-265\"><a href=\"https:\/\/www.thestewardesscorner.com\/fr\/products\/candles-scents\/\">Bougies<\/a><\/li>\n\t<li class=\"sitemap-item page_item page-item-213 page_item_has_children\"><a href=\"https:\/\/www.thestewardesscorner.com\/fr\/products\/decoration\/\">D\u00e9coration<\/a>\n\t<ul class='children'>\n\t\t<li class=\"sitemap-item page_item page-item-308\"><a href=\"https:\/\/www.thestewardesscorner.com\/fr\/products\/decoration\/bathroom-accessories\/\">Accessoires de salle de bain<\/a><\/li>\n\t\t<li class=\"sitemap-item page_item page-item-309\"><a href=\"https:\/\/www.thestewardesscorner.com\/fr\/products\/decoration\/decorative-accessories\/\">Accessoires de d\u00e9coration<\/a><\/li>\n\t\t<li class=\"sitemap-item page_item page-item-306\"><a href=\"https:\/\/www.thestewardesscorner.com\/fr\/products\/decoration\/lifestyle-curiosities\/\">Lifestyle \/curiosit\u00e9s<\/a><\/li>\n\t\t<li class=\"sitemap-item page_item page-item-311\"><a href=\"https:\/\/www.thestewardesscorner.com\/fr\/products\/decoration\/artificial-flowers\/\">Fleurs s\u00e9ch\u00e9es et pr\u00e9serv\u00e9es<\/a><\/li>\n\t\t<li class=\"sitemap-item page_item page-item-310\"><a href=\"https:\/\/www.thestewardesscorner.com\/fr\/products\/decoration\/vases\/\">Vases<\/a><\/li>\n\t<\/ul>\n<\/li>\n\t<li class=\"sitemap-item page_item page-item-208 page_item_has_children\"><a href=\"https:\/\/www.thestewardesscorner.com\/fr\/products\/dining\/\">Arts de la table<\/a>\n\t<ul class='children'>\n\t\t<li class=\"sitemap-item page_item page-item-290\"><a href=\"https:\/\/www.thestewardesscorner.com\/fr\/products\/dining\/glasses\/\">Verres<\/a><\/li>\n\t\t<li class=\"sitemap-item page_item page-item-292\"><a href=\"https:\/\/www.thestewardesscorner.com\/fr\/products\/dining\/pantry\/\">Accessoires de bar<\/a><\/li>\n\t\t<li class=\"sitemap-item page_item page-item-291\"><a href=\"https:\/\/www.thestewardesscorner.com\/fr\/products\/dining\/placemats-tablecloths-napkins\/\">Sets de table\/Nappes\/Serviettes<\/a><\/li>\n\t\t<li class=\"sitemap-item page_item page-item-272\"><a href=\"https:\/\/www.thestewardesscorner.com\/fr\/products\/dining\/plates\/\">Assiettes<\/a><\/li>\n\t\t<li class=\"sitemap-item page_item page-item-289\"><a href=\"https:\/\/www.thestewardesscorner.com\/fr\/products\/dining\/silverware\/\">Couverts<\/a><\/li>\n\t<\/ul>\n<\/li>\n\t<li class=\"sitemap-item page_item page-item-317\"><a href=\"https:\/\/www.thestewardesscorner.com\/fr\/products\/kids\/\">Enfants<\/a><\/li>\n\t<li class=\"sitemap-item page_item page-item-211 page_item_has_children\"><a href=\"https:\/\/www.thestewardesscorner.com\/fr\/products\/organizer-ideas\/\">Id\u00e9es de Rangement<\/a>\n\t<ul class='children'>\n\t\t<li class=\"sitemap-item page_item page-item-298\"><a href=\"https:\/\/www.thestewardesscorner.com\/fr\/products\/organizer-ideas\/interior-fittings\/\">Rangements int\u00e9rieurs<\/a><\/li>\n\t\t<li class=\"sitemap-item page_item page-item-300\"><a href=\"https:\/\/www.thestewardesscorner.com\/fr\/products\/organizer-ideas\/miscellaneous\/\">Divers<\/a><\/li>\n\t\t<li class=\"sitemap-item page_item page-item-299\"><a href=\"https:\/\/www.thestewardesscorner.com\/fr\/products\/organizer-ideas\/outdoor-sport\/\">Ext\u00e9rieurs \/ Sport<\/a><\/li>\n\t\t<li class=\"sitemap-item page_item page-item-301\"><a href=\"https:\/\/www.thestewardesscorner.com\/fr\/products\/organizer-ideas\/party-items\/\">Accessoires de f\u00eate<\/a><\/li>\n\t<\/ul>\n<\/li>\n\t<li class=\"sitemap-item page_item page-item-318\"><a href=\"https:\/\/www.thestewardesscorner.com\/fr\/products\/pets\/\">Animaux<\/a><\/li>\n\t<li class=\"sitemap-item page_item page-item-269\"><a href=\"https:\/\/www.thestewardesscorner.com\/fr\/products\/room-spray-diffuser\/\">Parfum d\u2019Ambiance\/ Diffuseur<\/a><\/li>\n\t<li class=\"sitemap-item page_item page-item-316\"><a href=\"https:\/\/www.thestewardesscorner.com\/fr\/products\/throws-cushions\/\">Plaids &amp; Coussins<\/a><\/li>\n<\/ul>\n<\/li>\n<li class=\"sitemap-item page_item page-item-13\"><a href=\"https:\/\/www.thestewardesscorner.com\/fr\/shop\/\">Shop<\/a><\/li>\n<li class=\"sitemap-item page_item page-item-38\"><a href=\"https:\/\/www.thestewardesscorner.com\/fr\/cart\/\">Shopping Cart<\/a><\/li>\n<li class=\"sitemap-item page_item page-item-1040\"><a href=\"https:\/\/www.thestewardesscorner.com\/fr\/sitemap\/\">Plan du site<\/a><\/li>\n<li class=\"sitemap-item page_item page-item-5\"><a href=\"https:\/\/www.thestewardesscorner.com\/fr\/wishlist\/\">Wishlist<\/a><\/li>\n<li class=\"sitemap-item page_item page-item-55\"><a href=\"https:\/\/www.thestewardesscorner.com\/fr\/wishlist-2\/\">Wishlist<\/a><\/li>\n<\/ul><\/div><\/div><br style=\"clear: both;\">[\/cl_text][\/cl_column][\/cl_row]<\/p>\n","protected":false},"excerpt":{"rendered":"<p>[cl_row css_style=&#8221;{&#8216;padding-top&#8217;:&#8217;45px&#8217;,&#8217;padding-bottom&#8217;:&#8217;45px&#8217;}_-_json&#8221; css_style_991=&#8221;{&#8216;padding-top&#8217;:&#8221;,&#8217;padding-bottom&#8217;:&#8221;}_-_json&#8221; css_style_767=&#8221;{&#8216;padding-top&#8217;:&#8221;,&#8217;padding-bottom&#8217;:&#8221;}_-_json&#8221;][cl_column css_style=&#8221;{&#8216;padding-top&#8217;:&#8217;10px&#8217;,&#8217;padding-bottom&#8217;:&#8217;10px&#8217;}_-_json&#8221; css_style_991=&#8221;{&#8216;padding-top&#8217;:&#8221;,&#8217;padding-bottom&#8217;:&#8221;}_-_json&#8221; css_style_767=&#8221;{&#8216;padding-top&#8217;:&#8221;,&#8217;padding-bottom&#8217;:&#8221;}_-_json&#8221;][cl_page_header css_style=&#8221;&#8221;][\/cl_page_header][cl_text css_style=&#8221;{&#8216;margin-top&#8217;:&#8217;20px&#8217;}_-_json&#8221;][\/cl_text][\/cl_column][\/cl_row]<\/p>\n","protected":false},"author":4,"featured_media":0,"parent":0,"menu_order":0,"comment_status":"closed","ping_status":"closed","template":"","meta":{"_monsterinsights_skip_tracking":false,"_monsterinsights_sitenote_active":false,"_monsterinsights_sitenote_note":"","_monsterinsights_sitenote_category":0,"footnotes":""},"class_list":["post-1040","page","type-page","status-publish","hentry"],"_links":{"self":[{"href":"https:\/\/www.thestewardesscorner.com\/fr\/wp-json\/wp\/v2\/pages\/1040","targetHints":{"allow":["GET"]}}],"collection":[{"href":"https:\/\/www.thestewardesscorner.com\/fr\/wp-json\/wp\/v2\/pages"}],"about":[{"href":"https:\/\/www.thestewardesscorner.com\/fr\/wp-json\/wp\/v2\/types\/page"}],"author":[{"embeddable":true,"href":"https:\/\/www.thestewardesscorner.com\/fr\/wp-json\/wp\/v2\/users\/4"}],"replies":[{"embeddable":true,"href":"https:\/\/www.thestewardesscorner.com\/fr\/wp-json\/wp\/v2\/comments?post=1040"}],"version-history":[{"count":6,"href":"https:\/\/www.thestewardesscorner.com\/fr\/wp-json\/wp\/v2\/pages\/1040\/revisions"}],"predecessor-version":[{"id":5084,"href":"https:\/\/www.thestewardesscorner.com\/fr\/wp-json\/wp\/v2\/pages\/1040\/revisions\/5084"}],"wp:attachment":[{"href":"https:\/\/www.thestewardesscorner.com\/fr\/wp-json\/wp\/v2\/media?parent=1040"}],"curies":[{"name":"wp","href":"https:\/\/api.w.org\/{rel}","templated":true}]}}