{"id":208,"date":"2019-01-16T13:46:44","date_gmt":"2019-01-16T18:46:44","guid":{"rendered":"https:\/\/www.thestewardesscorner.com\/?page_id=208"},"modified":"2019-04-25T08:54:14","modified_gmt":"2019-04-25T12:54:14","slug":"dining","status":"publish","type":"page","link":"https:\/\/www.thestewardesscorner.com\/fr\/products\/dining\/","title":{"rendered":"Arts de la table"},"content":{"rendered":"<p>[cl_row][cl_column][cl_page_header][cl_text]<\/p>\n<h4 style=\"text-align: center;\">Pr\u00e9parer une table et \u00e9l\u00e9gante et conviviale<\/h4>\n<p>\u00a0<\/p>\n<p>[\/cl_text][\/cl_column][\/cl_row][cl_row][cl_column][cl_portfolio style=&#8221;media_title&#8221; distance=&#8221;5&#8243; image_size=&#8221;portfolio_grid_size&#8221; portfolio_justify_rowheight=&#8221;245&#8243; portfolio_justify_margins=&#8221;5&#8243; portfolio_item_title_style=&#8221;h5&#8243; categories=&#8221;{&#8216;0&#8242;:&#8217;dining&#8217;}_-_json&#8221; portfolio_overlay=&#8221;zoom_color&#8221; portfolio_overlay_title_bool=&#8221;0&#8243; portfolio_overlay_categories_bool=&#8221;0&#8243; portfolio_overlay_content_color=&#8221;dark-text&#8221; portfolio_overlay_color=&#8221;#ffffff&#8221;][\/cl_column][\/cl_row]<\/p>\n","protected":false},"excerpt":{"rendered":"<p>[cl_row][cl_column][cl_page_header][cl_text] Pr\u00e9parer une table et \u00e9l\u00e9gante et conviviale \u00a0 [\/cl_text][\/cl_column][\/cl_row][cl_row][cl_column][cl_portfolio style=&#8221;media_title&#8221; distance=&#8221;5&#8243; image_size=&#8221;portfolio_grid_size&#8221; portfolio_justify_rowheight=&#8221;245&#8243; portfolio_justify_margins=&#8221;5&#8243; portfolio_item_title_style=&#8221;h5&#8243; categories=&#8221;{&#8216;0&#8242;:&#8217;dining&#8217;}_-_json&#8221; portfolio_overlay=&#8221;zoom_color&#8221; portfolio_overlay_title_bool=&#8221;0&#8243; portfolio_overlay_categories_bool=&#8221;0&#8243; portfolio_overlay_content_color=&#8221;dark-text&#8221; portfolio_overlay_color=&#8221;#ffffff&#8221;][\/cl_column][\/cl_row]<\/p>\n","protected":false},"author":4,"featured_media":0,"parent":139,"menu_order":0,"comment_status":"closed","ping_status":"closed","template":"","meta":{"_monsterinsights_skip_tracking":false,"_monsterinsights_sitenote_active":false,"_monsterinsights_sitenote_note":"","_monsterinsights_sitenote_category":0,"footnotes":""},"class_list":["post-208","page","type-page","status-publish","hentry"],"_links":{"self":[{"href":"https:\/\/www.thestewardesscorner.com\/fr\/wp-json\/wp\/v2\/pages\/208","targetHints":{"allow":["GET"]}}],"collection":[{"href":"https:\/\/www.thestewardesscorner.com\/fr\/wp-json\/wp\/v2\/pages"}],"about":[{"href":"https:\/\/www.thestewardesscorner.com\/fr\/wp-json\/wp\/v2\/types\/page"}],"author":[{"embeddable":true,"href":"https:\/\/www.thestewardesscorner.com\/fr\/wp-json\/wp\/v2\/users\/4"}],"replies":[{"embeddable":true,"href":"https:\/\/www.thestewardesscorner.com\/fr\/wp-json\/wp\/v2\/comments?post=208"}],"version-history":[{"count":27,"href":"https:\/\/www.thestewardesscorner.com\/fr\/wp-json\/wp\/v2\/pages\/208\/revisions"}],"predecessor-version":[{"id":5019,"href":"https:\/\/www.thestewardesscorner.com\/fr\/wp-json\/wp\/v2\/pages\/208\/revisions\/5019"}],"up":[{"embeddable":true,"href":"https:\/\/www.thestewardesscorner.com\/fr\/wp-json\/wp\/v2\/pages\/139"}],"wp:attachment":[{"href":"https:\/\/www.thestewardesscorner.com\/fr\/wp-json\/wp\/v2\/media?parent=208"}],"curies":[{"name":"wp","href":"https:\/\/api.w.org\/{rel}","templated":true}]}}