{"id":311,"date":"2019-01-16T16:00:01","date_gmt":"2019-01-16T21:00:01","guid":{"rendered":"https:\/\/www.thestewardesscorner.com\/?page_id=311"},"modified":"2021-06-20T02:21:57","modified_gmt":"2021-06-20T06:21:57","slug":"artificial-flowers","status":"publish","type":"page","link":"https:\/\/www.thestewardesscorner.com\/fr\/products\/decoration\/artificial-flowers\/","title":{"rendered":"Fleurs s\u00e9ch\u00e9es et pr\u00e9serv\u00e9es"},"content":{"rendered":"<p>[cl_row css_style=&#8221;{&#8216;padding-top&#8217;:&#8217;45px&#8217;,&#8217;padding-bottom&#8217;:&#8217;45px&#8217;}_-_json&#8221; css_style_991=&#8221;{&#8216;padding-top&#8217;:&#8221;,&#8217;padding-bottom&#8217;:&#8221;}_-_json&#8221; css_style_767=&#8221;{&#8216;padding-top&#8217;:&#8221;,&#8217;padding-bottom&#8217;:&#8221;}_-_json&#8221;][cl_column css_style=&#8221;{&#8216;padding-top&#8217;:&#8217;10px&#8217;,&#8217;padding-bottom&#8217;:&#8217;10px&#8217;}_-_json&#8221; css_style_991=&#8221;{&#8216;padding-top&#8217;:&#8221;,&#8217;padding-bottom&#8217;:&#8221;}_-_json&#8221; css_style_767=&#8221;{&#8216;padding-top&#8217;:&#8221;,&#8217;padding-bottom&#8217;:&#8221;}_-_json&#8221;][cl_page_header css_style=&#8221;&#8221;][\/cl_page_header][cl_text css_style=&#8221;{&#8216;margin-top&#8217;:&#8217;20px&#8217;}_-_json&#8221;]<\/p>\n<ul class=\"list_custom\">\n<li><a href=\"https:\/\/www.bergamotte.com\">Bergamotte<\/a><\/li>\n<li><a href=\"https:\/\/cdi25.com\">Creative Displays &#038; Designs<\/a><\/li>\n<li><a href=\"http:\/\/www.etherealblooms.com\">Ethereal Blooms<\/a><\/li>\n<li><a href=\"https:\/\/www.nature-stabilisee.com\">Nature Stabilisee<\/a><\/li>\n<li><a href=\"https:\/\/www.sia-deco.com\">Sia<\/a><\/li>\n<\/ul>\n<p>[\/cl_text][\/cl_column][\/cl_row]<\/p>\n","protected":false},"excerpt":{"rendered":"<p>[cl_row css_style=&#8221;{&#8216;padding-top&#8217;:&#8217;45px&#8217;,&#8217;padding-bottom&#8217;:&#8217;45px&#8217;}_-_json&#8221; css_style_991=&#8221;{&#8216;padding-top&#8217;:&#8221;,&#8217;padding-bottom&#8217;:&#8221;}_-_json&#8221; css_style_767=&#8221;{&#8216;padding-top&#8217;:&#8221;,&#8217;padding-bottom&#8217;:&#8221;}_-_json&#8221;][cl_column css_style=&#8221;{&#8216;padding-top&#8217;:&#8217;10px&#8217;,&#8217;padding-bottom&#8217;:&#8217;10px&#8217;}_-_json&#8221; css_style_991=&#8221;{&#8216;padding-top&#8217;:&#8221;,&#8217;padding-bottom&#8217;:&#8221;}_-_json&#8221; css_style_767=&#8221;{&#8216;padding-top&#8217;:&#8221;,&#8217;padding-bottom&#8217;:&#8221;}_-_json&#8221;][cl_page_header css_style=&#8221;&#8221;][\/cl_page_header][cl_text css_style=&#8221;{&#8216;margin-top&#8217;:&#8217;20px&#8217;}_-_json&#8221;] Bergamotte Creative Displays &#038; Designs Ethereal Blooms Nature Stabilisee Sia [\/cl_text][\/cl_column][\/cl_row]<\/p>\n","protected":false},"author":4,"featured_media":0,"parent":213,"menu_order":0,"comment_status":"closed","ping_status":"closed","template":"","meta":{"_monsterinsights_skip_tracking":false,"_monsterinsights_sitenote_active":false,"_monsterinsights_sitenote_note":"","_monsterinsights_sitenote_category":0,"footnotes":""},"class_list":["post-311","page","type-page","status-publish","hentry"],"_links":{"self":[{"href":"https:\/\/www.thestewardesscorner.com\/fr\/wp-json\/wp\/v2\/pages\/311","targetHints":{"allow":["GET"]}}],"collection":[{"href":"https:\/\/www.thestewardesscorner.com\/fr\/wp-json\/wp\/v2\/pages"}],"about":[{"href":"https:\/\/www.thestewardesscorner.com\/fr\/wp-json\/wp\/v2\/types\/page"}],"author":[{"embeddable":true,"href":"https:\/\/www.thestewardesscorner.com\/fr\/wp-json\/wp\/v2\/users\/4"}],"replies":[{"embeddable":true,"href":"https:\/\/www.thestewardesscorner.com\/fr\/wp-json\/wp\/v2\/comments?post=311"}],"version-history":[{"count":20,"href":"https:\/\/www.thestewardesscorner.com\/fr\/wp-json\/wp\/v2\/pages\/311\/revisions"}],"predecessor-version":[{"id":6786,"href":"https:\/\/www.thestewardesscorner.com\/fr\/wp-json\/wp\/v2\/pages\/311\/revisions\/6786"}],"up":[{"embeddable":true,"href":"https:\/\/www.thestewardesscorner.com\/fr\/wp-json\/wp\/v2\/pages\/213"}],"wp:attachment":[{"href":"https:\/\/www.thestewardesscorner.com\/fr\/wp-json\/wp\/v2\/media?parent=311"}],"curies":[{"name":"wp","href":"https:\/\/api.w.org\/{rel}","templated":true}]}}