{"id":920,"date":"2019-01-25T07:30:49","date_gmt":"2019-01-25T12:30:49","guid":{"rendered":"https:\/\/www.thestewardesscorner.com\/?page_id=920"},"modified":"2021-02-06T18:00:37","modified_gmt":"2021-02-06T23:00:37","slug":"legal-notice","status":"publish","type":"page","link":"https:\/\/www.thestewardesscorner.com\/fr\/legal-notice\/","title":{"rendered":"Mentions l\u00e9gales"},"content":{"rendered":"<p>[cl_row css_style=&#8221;{&#8216;padding-top&#8217;:&#8217;45px&#8217;,&#8217;padding-bottom&#8217;:&#8217;45px&#8217;}_-_json&#8221; css_style_991=&#8221;{&#8216;padding-top&#8217;:&#8221;,&#8217;padding-bottom&#8217;:&#8221;}_-_json&#8221; css_style_767=&#8221;{&#8216;padding-top&#8217;:&#8221;,&#8217;padding-bottom&#8217;:&#8221;}_-_json&#8221;][cl_column css_style=&#8221;{&#8216;padding-top&#8217;:&#8217;10px&#8217;,&#8217;padding-bottom&#8217;:&#8217;10px&#8217;}_-_json&#8221; css_style_991=&#8221;{&#8216;padding-top&#8217;:&#8221;,&#8217;padding-bottom&#8217;:&#8221;}_-_json&#8221; css_style_767=&#8221;{&#8216;padding-top&#8217;:&#8221;,&#8217;padding-bottom&#8217;:&#8221;}_-_json&#8221;][cl_page_header css_style=&#8221;&#8221;][\/cl_page_header][cl_text css_style=&#8221;{&#8216;margin-top&#8217;:&#8217;20px&#8217;}_-_json&#8221;]<\/p>\n<div class=\"page-content\">\n<h3 class=\"title-text\">\u00c9diteur<\/h3>\n<div class=\"centered-block centered-block-narrow\">\n<div class=\"text\">\n<p>Le site internet accessible, notamment, \u00e0 l\u2019adresse <a href=\"https:\/\/www.thestewardesscorner.com\">thestewardesscorner.com<\/a>(ci-apr\u00e8s : le \u00ab Site \u00bb) appartient \u00e0 Carole Catsuris (ci-apr\u00e8s d\u00e9nomm\u00e9e \u00ab THESTEWARDESSCORNER \u00bb).<\/p>\n<p>Le Site est cr\u00e9\u00e9 par l&#8217;Agence Twelty by KEYIKO, situ\u00e9e chez LC 21 rue saint philippe, 06000 Nice ; num\u00e9ro de t\u00e9l\u00e9phone : +33 (0)7 67 80 53 65. Site officiel : www.agencetwelty.com &#8211; Directeur de la publication : Fangnigbe Loic<\/p>\n<p>L\u2019acc\u00e8s au Site ainsi que l\u2019utilisation de son contenu s\u2019effectuent dans le cadre des mentions d\u2019utilisation d\u00e9crites ci-apr\u00e8s. Le fait d\u2019acc\u00e9der et de naviguer sur le Site constitue de la part de l\u2019internaute une acceptation sans r\u00e9serve des pr\u00e9cisions suivantes :<\/p>\n<header>\n<h3>Propri\u00e9t\u00e9 intellectuelle<\/h3>\n<\/header>\n<p>Le Site dans son ensemble, ainsi que chacun des \u00e9l\u00e9ments qui le composent (notamment, textes, sch\u00e9mas, arborescences, logiciels, animations, images, photographies, illustrations, vid\u00e9os, repr\u00e9sentations graphiques ou \u00e9ditoriales, logos, etc.) constituent des \u0153uvres de l\u2019esprit prot\u00e9g\u00e9s par le Code de la propri\u00e9t\u00e9 intellectuelle ainsi que par toute autre l\u00e9gislation internationale applicable.<\/p>\n<p>THESTEWARDESSCORNER est seule habilit\u00e9e (directement ou par l\u2019effet de licences ou autorisations) \u00e0 utiliser les \u00e9l\u00e9ments composant le Site, les noms de domaine, les marques, mod\u00e8les, etc. ainsi que les images et contenus \u00e9ditoriaux qui y sont reproduits.<\/p>\n<p>L\u2019usage de tout ou partie du Site, notamment par t\u00e9l\u00e9chargement, reproduction, transmission, repr\u00e9sentation ou diffusion \u00e0 d\u2019autres fins que la consultation et l\u2019utilisation du Site \u00e0 titre personnel et priv\u00e9 par l\u2019internaute dans un but non commercial est strictement interdit. La violation de ces dispositions expose son auteur aux sanctions pr\u00e9vues tant par le Code de la propri\u00e9t\u00e9 intellectuelle au titre notamment de la contrefa\u00e7on de droits d\u2019auteur, de droit de marques que par le Code civil en mati\u00e8re de responsabilit\u00e9 civile.<\/p>\n<p>La cr\u00e9ation de tout lien hypertexte renvoyant \u00e0 l\u2019une quelconque des pages web ou \u00e9l\u00e9ments composant le Site est interdite sauf autorisation \u00e9crite et pr\u00e9alable de THESTEWARDESSCORNER, laquelle autorisation pouvant \u00eatre r\u00e9voqu\u00e9e \u00e0 tout moment. Tout contenu, site internet ou autre ayant un lien hypertexte dirigeant vers le Site ou vers l\u2019un quelconque des \u00e9l\u00e9ments qui le composent ne sont pas sous le contr\u00f4le de THESTEWARDESSCORNER et celle-ci d\u00e9cline par cons\u00e9quent toute responsabilit\u00e9 (notamment, \u00e9ditoriale) concernant l\u2019acc\u00e8s \u00e0 ces sites et leur contenu.<\/p>\n<header>\n<h3>Disponibilit\u00e9 du site<\/h3>\n<\/header>\n<p>THESTEWARDESSCORNER s\u2019efforce, dans la mesure du possible, de maintenir accessible\u00a0de mani\u00e8re permanente le Site, mais n\u2019est tenue \u00e0 aucune obligation d\u2019y parvenir. THESTEWARDESSCORNER peut donc interrompre l\u2019acc\u00e8s au Site, notamment pour des raisons de maintenance ou de mise \u00e0 jour, ou pour toutes autres raisons, notamment techniques ou \u00e9ditoriales et ce, sans pr\u00e9avis ni information pr\u00e9alable des internautes, sans que THESTEWARDESSCORNER ne puisse \u00eatre tenue pour responsable des cons\u00e9quences de ces interruptions aussi bien \u00e0 l\u2019\u00e9gard des internautes que de tout tiers.<\/p>\n<p>Par ailleurs, THESTEWARDESSCORNER ne saurait \u00eatre tenue pour responsable si des internautes ne parvenaient pas \u00e0 acc\u00e9der \u00e0 tout ou partie du Site du fait de tout d\u00e9faut technique ou de tout probl\u00e8me notamment et non limitativement li\u00e9 \u00e0 :<\/p>\n<ul>\n<li>une d\u00e9faillance et\/ou un encombrement du r\u00e9seau Internet,<\/li>\n<li>une d\u00e9faillance des fournisseurs d\u2019acc\u00e8s Internet,<\/li>\n<li>une erreur humaine ou d\u2019origine \u00e9lectrique,<\/li>\n<li>toute intervention malveillante,<\/li>\n<li>tous dysfonctionnements de logiciel ou de mat\u00e9riel,<\/li>\n<li>un cas de force majeure.<\/li>\n<\/ul>\n<header>\n<h3>Responsabilit\u00e9<\/h3>\n<\/header>\n<p>THESTEWARDESSCORNER s\u2019efforce d\u2019assurer au mieux de ses possibilit\u00e9s l\u2019exactitude et la mise \u00e0 jour des informations diffus\u00e9es sur le Site, dont elle se r\u00e9serve le droit de modifier, \u00e0 tout moment et sans pr\u00e9avis, le contenu.<\/p>\n<p>Toutefois, THESTEWARDESSCORNER ne peut garantir l\u2019exactitude, la pr\u00e9cision et l\u2019exhaustivit\u00e9 des informations mises \u00e0 disposition sur le Site, lesquelles informations ne constituent ni une garantie ni un engagement de la part de THESTEWARDESSCORNER \u00e0 l\u2019\u00e9gard de l\u2019internaute. En particulier, cette derni\u00e8re ne saurait \u00eatre tenue pour responsable :<\/p>\n<ul>\n<li>de toute impr\u00e9cision, inexactitude ou omission desdites informations ;<\/li>\n<li>de tout dommage \u00e9ventuel r\u00e9sultant d\u2019une intrusion informatique d\u2019un tiers ayant entra\u00een\u00e9 une modification desdites informations ;<\/li>\n<li>et, plus g\u00e9n\u00e9ralement, de tous dommages, directs ou indirects, qu\u2019elles qu\u2019en soient les causes, origines, natures et cons\u00e9quences, li\u00e9es \u00e0 l\u2019acc\u00e8s (ou \u00e0 l\u2019impossibilit\u00e9 d\u2019acc\u00e9der au Site), au contenu, \u00e0 l\u2019utilisation du Site et\/ou au cr\u00e9dit accord\u00e9 \u00e0 une quelconque information provenant de ce dernier<\/li>\n<\/ul>\n<\/div>\n<\/div>\n<\/div>\n<p>[\/cl_text][\/cl_column][\/cl_row]<\/p>\n","protected":false},"excerpt":{"rendered":"<p>[cl_row css_style=&#8221;{&#8216;padding-top&#8217;:&#8217;45px&#8217;,&#8217;padding-bottom&#8217;:&#8217;45px&#8217;}_-_json&#8221; css_style_991=&#8221;{&#8216;padding-top&#8217;:&#8221;,&#8217;padding-bottom&#8217;:&#8221;}_-_json&#8221; css_style_767=&#8221;{&#8216;padding-top&#8217;:&#8221;,&#8217;padding-bottom&#8217;:&#8221;}_-_json&#8221;][cl_column css_style=&#8221;{&#8216;padding-top&#8217;:&#8217;10px&#8217;,&#8217;padding-bottom&#8217;:&#8217;10px&#8217;}_-_json&#8221; css_style_991=&#8221;{&#8216;padding-top&#8217;:&#8221;,&#8217;padding-bottom&#8217;:&#8221;}_-_json&#8221; css_style_767=&#8221;{&#8216;padding-top&#8217;:&#8221;,&#8217;padding-bottom&#8217;:&#8221;}_-_json&#8221;][cl_page_header css_style=&#8221;&#8221;][\/cl_page_header][cl_text css_style=&#8221;{&#8216;margin-top&#8217;:&#8217;20px&#8217;}_-_json&#8221;] \u00c9diteur Le site internet accessible, notamment, \u00e0 l\u2019adresse thestewardesscorner.com(ci-apr\u00e8s : le \u00ab Site \u00bb) appartient \u00e0 Carole Catsuris (ci-apr\u00e8s d\u00e9nomm\u00e9e \u00ab THESTEWARDESSCORNER \u00bb). Le Site est cr\u00e9\u00e9 par l&#8217;Agence Twelty by KEYIKO, situ\u00e9e chez LC 21 rue saint philippe, 06000 Nice ; num\u00e9ro de t\u00e9l\u00e9phone : +33 (0)7 67 80 53 [&hellip;]<\/p>\n","protected":false},"author":4,"featured_media":0,"parent":0,"menu_order":0,"comment_status":"closed","ping_status":"open","template":"","meta":{"_monsterinsights_skip_tracking":false,"_monsterinsights_sitenote_active":false,"_monsterinsights_sitenote_note":"","_monsterinsights_sitenote_category":0,"footnotes":""},"class_list":["post-920","page","type-page","status-publish","hentry"],"_links":{"self":[{"href":"https:\/\/www.thestewardesscorner.com\/fr\/wp-json\/wp\/v2\/pages\/920","targetHints":{"allow":["GET"]}}],"collection":[{"href":"https:\/\/www.thestewardesscorner.com\/fr\/wp-json\/wp\/v2\/pages"}],"about":[{"href":"https:\/\/www.thestewardesscorner.com\/fr\/wp-json\/wp\/v2\/types\/page"}],"author":[{"embeddable":true,"href":"https:\/\/www.thestewardesscorner.com\/fr\/wp-json\/wp\/v2\/users\/4"}],"replies":[{"embeddable":true,"href":"https:\/\/www.thestewardesscorner.com\/fr\/wp-json\/wp\/v2\/comments?post=920"}],"version-history":[{"count":20,"href":"https:\/\/www.thestewardesscorner.com\/fr\/wp-json\/wp\/v2\/pages\/920\/revisions"}],"predecessor-version":[{"id":6771,"href":"https:\/\/www.thestewardesscorner.com\/fr\/wp-json\/wp\/v2\/pages\/920\/revisions\/6771"}],"wp:attachment":[{"href":"https:\/\/www.thestewardesscorner.com\/fr\/wp-json\/wp\/v2\/media?parent=920"}],"curies":[{"name":"wp","href":"https:\/\/api.w.org\/{rel}","templated":true}]}}